{"id":22,"date":"2022-12-31T08:27:50","date_gmt":"2022-12-31T08:27:50","guid":{"rendered":"https:\/\/laserdermalab.com\/?page_id=22"},"modified":"2023-01-12T05:02:57","modified_gmt":"2023-01-12T05:02:57","slug":"about-us","status":"publish","type":"page","link":"https:\/\/laserdermalab.com\/fr\/about-us\/","title":{"rendered":"\u00c0 Propos"},"content":{"rendered":"<div data-elementor-type=\"wp-page\" data-elementor-id=\"22\" class=\"elementor elementor-22\" data-elementor-post-type=\"page\">\n\t\t\t\t\t\t<section class=\"elementor-section elementor-top-section elementor-element elementor-element-31363e6 elementor-section-height-min-height elementor-section-boxed elementor-section-height-default elementor-section-items-middle\" data-id=\"31363e6\" data-element_type=\"section\" data-settings=\"{&quot;background_background&quot;:&quot;classic&quot;}\">\n\t\t\t\t\t\t\t<div class=\"elementor-background-overlay\"><\/div>\n\t\t\t\t\t\t\t<div class=\"elementor-container elementor-column-gap-default\">\n\t\t\t\t\t<div class=\"elementor-column elementor-col-100 elementor-top-column elementor-element elementor-element-6fb4288\" data-id=\"6fb4288\" data-element_type=\"column\">\n\t\t\t<div class=\"elementor-widget-wrap elementor-element-populated\">\n\t\t\t\t\t\t<div class=\"elementor-element elementor-element-cb186b9 elementor-widget elementor-widget-heading\" data-id=\"cb186b9\" data-element_type=\"widget\" data-widget_type=\"heading.default\">\n\t\t\t\t<div class=\"elementor-widget-container\">\n\t\t\t\t\t<h2 class=\"elementor-heading-title elementor-size-default\">\u00c0 Propos<\/h2>\t\t\t\t<\/div>\n\t\t\t\t<\/div>\n\t\t\t\t\t<\/div>\n\t\t<\/div>\n\t\t\t\t\t<\/div>\n\t\t<\/section>\n\t\t\t\t<section class=\"elementor-section elementor-top-section elementor-element elementor-element-801783e elementor-section-boxed elementor-section-height-default elementor-section-height-default\" data-id=\"801783e\" data-element_type=\"section\" data-settings=\"{&quot;background_background&quot;:&quot;classic&quot;}\">\n\t\t\t\t\t\t<div class=\"elementor-container elementor-column-gap-default\">\n\t\t\t\t\t<div class=\"elementor-column elementor-col-100 elementor-top-column elementor-element elementor-element-2b667a2\" data-id=\"2b667a2\" data-element_type=\"column\">\n\t\t\t<div class=\"elementor-widget-wrap elementor-element-populated\">\n\t\t\t\t\t\t<section class=\"elementor-section elementor-inner-section elementor-element elementor-element-9f3ee7a elementor-section-boxed elementor-section-height-default elementor-section-height-default\" data-id=\"9f3ee7a\" data-element_type=\"section\">\n\t\t\t\t\t\t<div class=\"elementor-container elementor-column-gap-default\">\n\t\t\t\t\t<div class=\"elementor-column elementor-col-50 elementor-inner-column elementor-element elementor-element-9f7ea93\" data-id=\"9f7ea93\" data-element_type=\"column\">\n\t\t\t<div class=\"elementor-widget-wrap elementor-element-populated\">\n\t\t\t\t\t\t<div class=\"elementor-element elementor-element-eb506b3 elementor-widget elementor-widget-heading\" data-id=\"eb506b3\" data-element_type=\"widget\" data-widget_type=\"heading.default\">\n\t\t\t\t<div class=\"elementor-widget-container\">\n\t\t\t\t\t<h2 class=\"elementor-heading-title elementor-size-default\">\u00c0 propos de nous<\/h2>\t\t\t\t<\/div>\n\t\t\t\t<\/div>\n\t\t\t\t<div class=\"elementor-element elementor-element-68db405 elementor-widget elementor-widget-heading\" data-id=\"68db405\" data-element_type=\"widget\" data-widget_type=\"heading.default\">\n\t\t\t\t<div class=\"elementor-widget-container\">\n\t\t\t\t\t<h2 class=\"elementor-heading-title elementor-size-default\">Salon haut de gamme o\u00f9 vous vous sentirez unique et sp\u00e9cial<\/h2>\t\t\t\t<\/div>\n\t\t\t\t<\/div>\n\t\t\t\t<div class=\"elementor-element elementor-element-b5bb398 elementor-widget elementor-widget-image\" data-id=\"b5bb398\" data-element_type=\"widget\" data-widget_type=\"image.default\">\n\t\t\t\t<div class=\"elementor-widget-container\">\n\t\t\t\t\t\t\t\t\t\t\t\t\t\t\t<img decoding=\"async\" width=\"410\" height=\"32\" src=\"https:\/\/laserdermalab.com\/wp-content\/uploads\/2023\/01\/diveder.png\" class=\"attachment-full size-full wp-image-154\" alt=\"diveder laser dermalab\" srcset=\"https:\/\/laserdermalab.com\/wp-content\/uploads\/2023\/01\/diveder.png 410w, https:\/\/laserdermalab.com\/wp-content\/uploads\/2023\/01\/diveder-300x23.png 300w\" sizes=\"(max-width: 410px) 100vw, 410px\" \/>\t\t\t\t\t\t\t\t\t\t\t\t\t\t\t<\/div>\n\t\t\t\t<\/div>\n\t\t\t\t<div class=\"elementor-element elementor-element-7cdf1cb elementor-widget elementor-widget-text-editor\" data-id=\"7cdf1cb\" data-element_type=\"widget\" data-widget_type=\"text-editor.default\">\n\t\t\t\t<div class=\"elementor-widget-container\">\n\t\t\t\t\t\t\t\t\t<p>Chez Laser DermaLab, nous comprenons que chaque peau est unique et nous nous effor\u00e7ons de fournir des solutions personnalis\u00e9es \u00e0 tous nos clients. Notre \u00e9quipe d'esth\u00e9ticiennes exp\u00e9riment\u00e9es est form\u00e9e pour diagnostiquer et traiter une large gamme de pr\u00e9occupations cutan\u00e9es, y compris l'acn\u00e9, le vieillissement et les probl\u00e8mes de pigmentation.<\/p>\t\t\t\t\t\t\t\t<\/div>\n\t\t\t\t<\/div>\n\t\t\t\t<div class=\"elementor-element elementor-element-0513382 elementor-widget elementor-widget-text-editor\" data-id=\"0513382\" data-element_type=\"widget\" data-widget_type=\"text-editor.default\">\n\t\t\t\t<div class=\"elementor-widget-container\">\n\t\t\t\t\t\t\t\t\tNous proposons une vari\u00e9t\u00e9 de traitements du visage con\u00e7us pour traiter vos pr\u00e9occupations de peau sp\u00e9cifiques et vous aider \u00e0 obtenir un teint sain et radieux. Nos traitements vont des soins du visage relaxants aux proc\u00e9dures plus avanc\u00e9es comme les peelings chimiques et la microdermabrasion.\t\t\t\t\t\t\t\t<\/div>\n\t\t\t\t<\/div>\n\t\t\t\t<div class=\"elementor-element elementor-element-0701c90 elementor-widget elementor-widget-text-editor\" data-id=\"0701c90\" data-element_type=\"widget\" data-widget_type=\"text-editor.default\">\n\t\t\t\t<div class=\"elementor-widget-container\">\n\t\t\t\t\t\t\t\t\tEn plus de nos traitements du visage, nous proposons \u00e9galement une gamme de produits de soins de la peau pour vous aider \u00e0 maintenir vos r\u00e9sultats \u00e0 la maison. Notre \u00e9quipe est heureuse de recommander les meilleurs produits pour votre type de peau et vos besoins.\t\t\t\t\t\t\t\t<\/div>\n\t\t\t\t<\/div>\n\t\t\t\t<div class=\"elementor-element elementor-element-2aed541 elementor-widget elementor-widget-text-editor\" data-id=\"2aed541\" data-element_type=\"widget\" data-widget_type=\"text-editor.default\">\n\t\t\t\t<div class=\"elementor-widget-container\">\n\t\t\t\t\t\t\t\t\tNous sommes d\u00e9termin\u00e9s \u00e0 offrir le plus haut niveau de soins et de service \u00e0 nos clients. Nous vous invitons \u00e0 prendre rendez-vous avec notre \u00e9quipe pour discuter de vos objectifs de soins de la peau et \u00e9laborer un plan de traitement personnalis\u00e9.\t\t\t\t\t\t\t\t<\/div>\n\t\t\t\t<\/div>\n\t\t\t\t<div class=\"elementor-element elementor-element-60c2c56 elementor-align-left elementor-widget elementor-widget-button\" data-id=\"60c2c56\" data-element_type=\"widget\" data-widget_type=\"button.default\">\n\t\t\t\t<div class=\"elementor-widget-container\">\n\t\t\t\t\t\t\t\t\t<div class=\"elementor-button-wrapper\">\n\t\t\t\t\t<a class=\"elementor-button elementor-button-link elementor-size-sm\" href=\"#\">\n\t\t\t\t\t\t<span class=\"elementor-button-content-wrapper\">\n\t\t\t\t\t\t\t\t\t<span class=\"elementor-button-text\">R\u00e9servez Maintenant<\/span>\n\t\t\t\t\t<\/span>\n\t\t\t\t\t<\/a>\n\t\t\t\t<\/div>\n\t\t\t\t\t\t\t\t<\/div>\n\t\t\t\t<\/div>\n\t\t\t\t\t<\/div>\n\t\t<\/div>\n\t\t\t\t<div class=\"elementor-column elementor-col-50 elementor-inner-column elementor-element elementor-element-40668bd\" data-id=\"40668bd\" data-element_type=\"column\">\n\t\t\t<div class=\"elementor-widget-wrap elementor-element-populated\">\n\t\t\t\t\t\t<div class=\"elementor-element elementor-element-ad2a5b5 elementor-widget elementor-widget-image\" data-id=\"ad2a5b5\" data-element_type=\"widget\" data-widget_type=\"image.default\">\n\t\t\t\t<div class=\"elementor-widget-container\">\n\t\t\t\t\t\t\t\t\t\t\t\t\t\t\t<img fetchpriority=\"high\" decoding=\"async\" width=\"412\" height=\"616\" src=\"https:\/\/laserdermalab.com\/wp-content\/uploads\/2023\/01\/Image20230105233921.png\" class=\"attachment-full size-full wp-image-152\" alt=\"Laser dermalab skincare beauty\" srcset=\"https:\/\/laserdermalab.com\/wp-content\/uploads\/2023\/01\/Image20230105233921.png 412w, https:\/\/laserdermalab.com\/wp-content\/uploads\/2023\/01\/Image20230105233921-201x300.png 201w\" sizes=\"(max-width: 412px) 100vw, 412px\" \/>\t\t\t\t\t\t\t\t\t\t\t\t\t\t\t<\/div>\n\t\t\t\t<\/div>\n\t\t\t\t\t<\/div>\n\t\t<\/div>\n\t\t\t\t\t<\/div>\n\t\t<\/section>\n\t\t\t\t\t<\/div>\n\t\t<\/div>\n\t\t\t\t\t<\/div>\n\t\t<\/section>\n\t\t\t\t<\/div>","protected":false},"excerpt":{"rendered":"<p>About Us About us Luxury salon where you will feel unique and special At Laser DermaLab, we understand that everyone&#8217;s skin is unique and we strive to provide personalized solutions for all of our clients. Our team of experienced estheticians are trained to diagnose and treat a wide range of skin concerns, including acne, aging, [&hellip;]<\/p>","protected":false},"author":2,"featured_media":0,"parent":0,"menu_order":0,"comment_status":"closed","ping_status":"closed","template":"","meta":{"om_disable_all_campaigns":false,"footnotes":""},"class_list":["post-22","page","type-page","status-publish","hentry"],"aioseo_notices":[],"yoast_head":"<!-- This site is optimized with the Yoast SEO plugin v26.9 - https:\/\/yoast.com\/product\/yoast-seo-wordpress\/ -->\n<title>About Us - Laser Dermalab<\/title>\n<meta name=\"robots\" content=\"index, follow, max-snippet:-1, max-image-preview:large, max-video-preview:-1\" \/>\n<link rel=\"canonical\" href=\"https:\/\/laserdermalab.com\/fr\/about-us\/\" \/>\n<meta property=\"og:locale\" content=\"fr_CA\" \/>\n<meta property=\"og:type\" content=\"article\" \/>\n<meta property=\"og:title\" content=\"About Us - Laser Dermalab\" \/>\n<meta property=\"og:description\" content=\"About Us About us Luxury salon where you will feel unique and special At Laser DermaLab, we understand that everyone&#8217;s skin is unique and we strive to provide personalized solutions for all of our clients. Our team of experienced estheticians are trained to diagnose and treat a wide range of skin concerns, including acne, aging, [&hellip;]\" \/>\n<meta property=\"og:url\" content=\"https:\/\/laserdermalab.com\/fr\/about-us\/\" \/>\n<meta property=\"og:site_name\" content=\"Laser Dermalab\" \/>\n<meta property=\"article:publisher\" content=\"https:\/\/www.facebook.com\/LaserDermaLab\" \/>\n<meta property=\"article:modified_time\" content=\"2023-01-12T05:02:57+00:00\" \/>\n<meta property=\"og:image\" content=\"https:\/\/laserdermalab.com\/wp-content\/uploads\/2023\/01\/diveder.png\" \/>\n<meta name=\"twitter:card\" content=\"summary_large_image\" \/>\n<meta name=\"twitter:label1\" content=\"Estimation du temps de lecture\" \/>\n\t<meta name=\"twitter:data1\" content=\"1 minute\" \/>\n<script type=\"application\/ld+json\" class=\"yoast-schema-graph\">{\"@context\":\"https:\/\/schema.org\",\"@graph\":[{\"@type\":\"WebPage\",\"@id\":\"https:\/\/laserdermalab.com\/about-us\/\",\"url\":\"https:\/\/laserdermalab.com\/about-us\/\",\"name\":\"About Us - Laser Dermalab\",\"isPartOf\":{\"@id\":\"https:\/\/laserdermalab.com\/#website\"},\"primaryImageOfPage\":{\"@id\":\"https:\/\/laserdermalab.com\/about-us\/#primaryimage\"},\"image\":{\"@id\":\"https:\/\/laserdermalab.com\/about-us\/#primaryimage\"},\"thumbnailUrl\":\"https:\/\/laserdermalab.com\/wp-content\/uploads\/2023\/01\/diveder.png\",\"datePublished\":\"2022-12-31T08:27:50+00:00\",\"dateModified\":\"2023-01-12T05:02:57+00:00\",\"breadcrumb\":{\"@id\":\"https:\/\/laserdermalab.com\/about-us\/#breadcrumb\"},\"inLanguage\":\"fr-CA\",\"potentialAction\":[{\"@type\":\"ReadAction\",\"target\":[\"https:\/\/laserdermalab.com\/about-us\/\"]}]},{\"@type\":\"ImageObject\",\"inLanguage\":\"fr-CA\",\"@id\":\"https:\/\/laserdermalab.com\/about-us\/#primaryimage\",\"url\":\"https:\/\/laserdermalab.com\/wp-content\/uploads\/2023\/01\/diveder.png\",\"contentUrl\":\"https:\/\/laserdermalab.com\/wp-content\/uploads\/2023\/01\/diveder.png\"},{\"@type\":\"BreadcrumbList\",\"@id\":\"https:\/\/laserdermalab.com\/about-us\/#breadcrumb\",\"itemListElement\":[{\"@type\":\"ListItem\",\"position\":1,\"name\":\"Home\",\"item\":\"https:\/\/laserdermalab.com\/\"},{\"@type\":\"ListItem\",\"position\":2,\"name\":\"About Us\"}]},{\"@type\":\"WebSite\",\"@id\":\"https:\/\/laserdermalab.com\/#website\",\"url\":\"https:\/\/laserdermalab.com\/\",\"name\":\"Laser Dermalab\",\"description\":\"\",\"publisher\":{\"@id\":\"https:\/\/laserdermalab.com\/#organization\"},\"potentialAction\":[{\"@type\":\"SearchAction\",\"target\":{\"@type\":\"EntryPoint\",\"urlTemplate\":\"https:\/\/laserdermalab.com\/?s={search_term_string}\"},\"query-input\":{\"@type\":\"PropertyValueSpecification\",\"valueRequired\":true,\"valueName\":\"search_term_string\"}}],\"inLanguage\":\"fr-CA\"},{\"@type\":\"Organization\",\"@id\":\"https:\/\/laserdermalab.com\/#organization\",\"name\":\"Laser Dermalab\",\"url\":\"https:\/\/laserdermalab.com\/\",\"logo\":{\"@type\":\"ImageObject\",\"inLanguage\":\"fr-CA\",\"@id\":\"https:\/\/laserdermalab.com\/#\/schema\/logo\/image\/\",\"url\":\"https:\/\/laserdermalab.com\/wp-content\/uploads\/2022\/12\/Logo.png\",\"contentUrl\":\"https:\/\/laserdermalab.com\/wp-content\/uploads\/2022\/12\/Logo.png\",\"width\":212,\"height\":129,\"caption\":\"Laser Dermalab\"},\"image\":{\"@id\":\"https:\/\/laserdermalab.com\/#\/schema\/logo\/image\/\"},\"sameAs\":[\"https:\/\/www.facebook.com\/LaserDermaLab\",\"https:\/\/www.instagram.com\/laser.dermalab\/\",\"https:\/\/www.tiktok.com\/@laser.dermalab\"]}]}<\/script>\n<!-- \/ Yoast SEO plugin. -->","yoast_head_json":{"title":"About Us - Laser Dermalab","robots":{"index":"index","follow":"follow","max-snippet":"max-snippet:-1","max-image-preview":"max-image-preview:large","max-video-preview":"max-video-preview:-1"},"canonical":"https:\/\/laserdermalab.com\/fr\/about-us\/","og_locale":"fr_CA","og_type":"article","og_title":"About Us - Laser Dermalab","og_description":"About Us About us Luxury salon where you will feel unique and special At Laser DermaLab, we understand that everyone&#8217;s skin is unique and we strive to provide personalized solutions for all of our clients. Our team of experienced estheticians are trained to diagnose and treat a wide range of skin concerns, including acne, aging, [&hellip;]","og_url":"https:\/\/laserdermalab.com\/fr\/about-us\/","og_site_name":"Laser Dermalab","article_publisher":"https:\/\/www.facebook.com\/LaserDermaLab","article_modified_time":"2023-01-12T05:02:57+00:00","og_image":[{"url":"https:\/\/laserdermalab.com\/wp-content\/uploads\/2023\/01\/diveder.png","type":"","width":"","height":""}],"twitter_card":"summary_large_image","twitter_misc":{"Estimation du temps de lecture":"1 minute"},"schema":{"@context":"https:\/\/schema.org","@graph":[{"@type":"WebPage","@id":"https:\/\/laserdermalab.com\/about-us\/","url":"https:\/\/laserdermalab.com\/about-us\/","name":"About Us - Laser Dermalab","isPartOf":{"@id":"https:\/\/laserdermalab.com\/#website"},"primaryImageOfPage":{"@id":"https:\/\/laserdermalab.com\/about-us\/#primaryimage"},"image":{"@id":"https:\/\/laserdermalab.com\/about-us\/#primaryimage"},"thumbnailUrl":"https:\/\/laserdermalab.com\/wp-content\/uploads\/2023\/01\/diveder.png","datePublished":"2022-12-31T08:27:50+00:00","dateModified":"2023-01-12T05:02:57+00:00","breadcrumb":{"@id":"https:\/\/laserdermalab.com\/about-us\/#breadcrumb"},"inLanguage":"fr-CA","potentialAction":[{"@type":"ReadAction","target":["https:\/\/laserdermalab.com\/about-us\/"]}]},{"@type":"ImageObject","inLanguage":"fr-CA","@id":"https:\/\/laserdermalab.com\/about-us\/#primaryimage","url":"https:\/\/laserdermalab.com\/wp-content\/uploads\/2023\/01\/diveder.png","contentUrl":"https:\/\/laserdermalab.com\/wp-content\/uploads\/2023\/01\/diveder.png"},{"@type":"BreadcrumbList","@id":"https:\/\/laserdermalab.com\/about-us\/#breadcrumb","itemListElement":[{"@type":"ListItem","position":1,"name":"Home","item":"https:\/\/laserdermalab.com\/"},{"@type":"ListItem","position":2,"name":"About Us"}]},{"@type":"WebSite","@id":"https:\/\/laserdermalab.com\/#website","url":"https:\/\/laserdermalab.com\/","name":"Laser Dermalab","description":"","publisher":{"@id":"https:\/\/laserdermalab.com\/#organization"},"potentialAction":[{"@type":"SearchAction","target":{"@type":"EntryPoint","urlTemplate":"https:\/\/laserdermalab.com\/?s={search_term_string}"},"query-input":{"@type":"PropertyValueSpecification","valueRequired":true,"valueName":"search_term_string"}}],"inLanguage":"fr-CA"},{"@type":"Organization","@id":"https:\/\/laserdermalab.com\/#organization","name":"Laser Dermalab","url":"https:\/\/laserdermalab.com\/","logo":{"@type":"ImageObject","inLanguage":"fr-CA","@id":"https:\/\/laserdermalab.com\/#\/schema\/logo\/image\/","url":"https:\/\/laserdermalab.com\/wp-content\/uploads\/2022\/12\/Logo.png","contentUrl":"https:\/\/laserdermalab.com\/wp-content\/uploads\/2022\/12\/Logo.png","width":212,"height":129,"caption":"Laser Dermalab"},"image":{"@id":"https:\/\/laserdermalab.com\/#\/schema\/logo\/image\/"},"sameAs":["https:\/\/www.facebook.com\/LaserDermaLab","https:\/\/www.instagram.com\/laser.dermalab\/","https:\/\/www.tiktok.com\/@laser.dermalab"]}]}},"_links":{"self":[{"href":"https:\/\/laserdermalab.com\/fr\/wp-json\/wp\/v2\/pages\/22","targetHints":{"allow":["GET"]}}],"collection":[{"href":"https:\/\/laserdermalab.com\/fr\/wp-json\/wp\/v2\/pages"}],"about":[{"href":"https:\/\/laserdermalab.com\/fr\/wp-json\/wp\/v2\/types\/page"}],"author":[{"embeddable":true,"href":"https:\/\/laserdermalab.com\/fr\/wp-json\/wp\/v2\/users\/2"}],"replies":[{"embeddable":true,"href":"https:\/\/laserdermalab.com\/fr\/wp-json\/wp\/v2\/comments?post=22"}],"version-history":[{"count":20,"href":"https:\/\/laserdermalab.com\/fr\/wp-json\/wp\/v2\/pages\/22\/revisions"}],"predecessor-version":[{"id":481,"href":"https:\/\/laserdermalab.com\/fr\/wp-json\/wp\/v2\/pages\/22\/revisions\/481"}],"wp:attachment":[{"href":"https:\/\/laserdermalab.com\/fr\/wp-json\/wp\/v2\/media?parent=22"}],"curies":[{"name":"wp","href":"https:\/\/api.w.org\/{rel}","templated":true}]}}